{"id":2791,"date":"2024-10-14T15:04:33","date_gmt":"2024-10-14T13:04:33","guid":{"rendered":"https:\/\/henosis.fr\/\/?page_id=2791"},"modified":"2024-10-15T11:23:31","modified_gmt":"2024-10-15T09:23:31","slug":"notre-expertise","status":"publish","type":"page","link":"https:\/\/henosis.fr\/index.php\/notre-expertise\/","title":{"rendered":"Notre Expertise"},"content":{"rendered":"\t\t<div data-elementor-type=\"wp-page\" data-elementor-id=\"2791\" class=\"elementor elementor-2791\">\n\t\t\t\t\t\t<section class=\"elementor-section elementor-top-section elementor-element elementor-element-c499caf elementor-section-boxed elementor-section-height-default elementor-section-height-default\" data-id=\"c499caf\" data-element_type=\"section\" data-settings=\"{&quot;background_background&quot;:&quot;classic&quot;}\">\n\t\t\t\t\t\t\t<div class=\"elementor-background-overlay\"><\/div>\n\t\t\t\t\t\t\t<div class=\"elementor-container elementor-column-gap-default\">\n\t\t\t\t\t<div class=\"elementor-column elementor-col-100 elementor-top-column elementor-element elementor-element-7797194\" data-id=\"7797194\" data-element_type=\"column\">\n\t\t\t<div class=\"elementor-widget-wrap elementor-element-populated\">\n\t\t\t\t\t\t<div class=\"elementor-element elementor-element-982cee5 elementor-widget elementor-widget-elementskit-heading\" data-id=\"982cee5\" data-element_type=\"widget\" data-widget_type=\"elementskit-heading.default\">\n\t\t\t\t<div class=\"elementor-widget-container\">\n\t\t\t\t\t<div class=\"ekit-wid-con\" ><div class=\"ekit-heading elementskit-section-title-wraper text_left   ekit_heading_tablet-   ekit_heading_mobile-\"><h3 class=\"elementskit-section-subtitle  elementskit-style-border\">\n\t\t\t\t\t\tNOTRE EXPERTISE\n\t\t\t\t\t<\/h3><h2 class=\"ekit-heading--title elementskit-section-title \">NOTRE EXPERTISE<\/h2><\/div><\/div>\t\t\t\t<\/div>\n\t\t\t\t<\/div>\n\t\t\t\t\t<\/div>\n\t\t<\/div>\n\t\t\t\t\t<\/div>\n\t\t<\/section>\n\t\t\t\t<section class=\"elementor-section elementor-top-section elementor-element elementor-element-2ec5a26b elementor-section-full_width elementor-hidden-phone elementor-section-height-default elementor-section-height-default\" data-id=\"2ec5a26b\" data-element_type=\"section\">\n\t\t\t\t\t\t<div class=\"elementor-container elementor-column-gap-no\">\n\t\t\t\t\t<div class=\"elementor-column elementor-col-100 elementor-top-column elementor-element elementor-element-491e3d53\" data-id=\"491e3d53\" data-element_type=\"column\">\n\t\t\t<div class=\"elementor-widget-wrap elementor-element-populated\">\n\t\t\t\t\t\t<div class=\"elementor-element elementor-element-72878948 elementor-widget__width-auto elementor-absolute elementor-widget elementor-widget-image\" data-id=\"72878948\" data-element_type=\"widget\" data-settings=\"{&quot;_position&quot;:&quot;absolute&quot;}\" data-widget_type=\"image.default\">\n\t\t\t\t<div class=\"elementor-widget-container\">\n\t\t\t\t\t\t\t\t\t\t\t\t\t\t\t<img decoding=\"async\" width=\"88\" height=\"40\" src=\"https:\/\/henosis.fr\/wp-content\/uploads\/2024\/05\/dot-shapes.png\" class=\"attachment-large size-large wp-image-2372\" alt=\"\" \/>\t\t\t\t\t\t\t\t\t\t\t\t\t\t\t<\/div>\n\t\t\t\t<\/div>\n\t\t\t\t<div class=\"elementor-element elementor-element-28869dd elementor-widget__width-auto elementor-absolute elementor-widget elementor-widget-image\" data-id=\"28869dd\" data-element_type=\"widget\" data-settings=\"{&quot;_position&quot;:&quot;absolute&quot;}\" data-widget_type=\"image.default\">\n\t\t\t\t<div class=\"elementor-widget-container\">\n\t\t\t\t\t\t\t\t\t\t\t\t\t\t\t<img decoding=\"async\" width=\"88\" height=\"40\" src=\"https:\/\/henosis.fr\/wp-content\/uploads\/2024\/05\/dot-shapes.png\" class=\"attachment-large size-large wp-image-2372\" alt=\"\" \/>\t\t\t\t\t\t\t\t\t\t\t\t\t\t\t<\/div>\n\t\t\t\t<\/div>\n\t\t\t\t\t<\/div>\n\t\t<\/div>\n\t\t\t\t\t<\/div>\n\t\t<\/section>\n\t\t\t\t<section class=\"elementor-section elementor-top-section elementor-element elementor-element-5c01c88b elementor-section-full_width elementor-section-height-default elementor-section-height-default\" data-id=\"5c01c88b\" data-element_type=\"section\" id=\"Service\">\n\t\t\t\t\t\t<div class=\"elementor-container elementor-column-gap-default\">\n\t\t\t\t\t<div class=\"elementor-column elementor-col-100 elementor-top-column elementor-element elementor-element-a8be7a9\" data-id=\"a8be7a9\" data-element_type=\"column\">\n\t\t\t<div class=\"elementor-widget-wrap elementor-element-populated\">\n\t\t\t\t\t\t<section class=\"elementor-section elementor-inner-section elementor-element elementor-element-625ad0b elementor-section-boxed elementor-section-height-default elementor-section-height-default\" data-id=\"625ad0b\" data-element_type=\"section\">\n\t\t\t\t\t\t<div class=\"elementor-container elementor-column-gap-default\">\n\t\t\t\t\t<div class=\"elementor-column elementor-col-25 elementor-inner-column elementor-element elementor-element-56787554 elementor-invisible\" data-id=\"56787554\" data-element_type=\"column\" data-settings=\"{&quot;animation&quot;:&quot;fadeInUp&quot;}\">\n\t\t\t<div class=\"elementor-widget-wrap elementor-element-populated\">\n\t\t\t\t\t\t<div class=\"elementor-element elementor-element-5f8cc652 ekit-equal-height-enable elementor-widget elementor-widget-elementskit-icon-box\" data-id=\"5f8cc652\" data-element_type=\"widget\" data-widget_type=\"elementskit-icon-box.default\">\n\t\t\t\t<div class=\"elementor-widget-container\">\n\t\t\t\t\t<div class=\"ekit-wid-con\" >        <!-- link opening -->\n                <!-- end link opening -->\n\n        <div class=\"elementskit-infobox text-center text-center icon-top-align elementor-animation-   \">\n                    <div class=\"elementskit-box-header elementor-animation-\">\n                <div class=\"elementskit-info-box-icon  \">\n                    \n                <\/div>\n          <\/div>\n                        <div class=\"box-body\">\n                            <h3 class=\"elementskit-info-box-title\">\n                    Leader dans la gestion des donn\u00e9es                <\/h3>\n                        \t\t  \t<p>Henosis a d\u00e9velopp\u00e9 depuis de nombreuses ann\u00e9es des \u00e9quipes expertes en gestion des donn\u00e9es de l'entreprise.\n<br>\nBase de donn\u00e9es\n<br>\nBusiness Intelligence\n<br>\nLicensing\n<br>\nS\u00e9curisation des transferts de donn\u00e9es\n<\/p>\n                                <\/div>\n        \n        \n                <\/div>\n        <\/div>\t\t\t\t<\/div>\n\t\t\t\t<\/div>\n\t\t\t\t\t<\/div>\n\t\t<\/div>\n\t\t\t\t<div class=\"elementor-column elementor-col-25 elementor-inner-column elementor-element elementor-element-1d9269ce animated-slow elementor-invisible\" data-id=\"1d9269ce\" data-element_type=\"column\" data-settings=\"{&quot;animation&quot;:&quot;fadeInUp&quot;,&quot;animation_delay&quot;:200}\">\n\t\t\t<div class=\"elementor-widget-wrap elementor-element-populated\">\n\t\t\t\t\t\t<div class=\"elementor-element elementor-element-1ff89e75 ekit-equal-height-enable elementor-widget elementor-widget-elementskit-icon-box\" data-id=\"1ff89e75\" data-element_type=\"widget\" data-widget_type=\"elementskit-icon-box.default\">\n\t\t\t\t<div class=\"elementor-widget-container\">\n\t\t\t\t\t<div class=\"ekit-wid-con\" >        <!-- link opening -->\n                <!-- end link opening -->\n\n        <div class=\"elementskit-infobox text-center text-center icon-top-align elementor-animation-   \">\n                    <div class=\"elementskit-box-header elementor-animation-\">\n                <div class=\"elementskit-info-box-icon  \">\n                    \n                <\/div>\n          <\/div>\n                        <div class=\"box-body\">\n                            <h3 class=\"elementskit-info-box-title\">\n                    Infrastructure                <\/h3>\n                        \t\t  \t<p><br>Open Source, Microsoft, Vmware, Oracle, S\u00e9curit\u00e9 Informatique, R\u00e9seau, Stockage, Linux, ElasticSearch.\n<br>\nNous intervenons sur tous les \u00e9l\u00e9ments de l\u2019infrastructure informatique.<\/p>\n                                <\/div>\n        \n        \n                <\/div>\n        <\/div>\t\t\t\t<\/div>\n\t\t\t\t<\/div>\n\t\t\t\t\t<\/div>\n\t\t<\/div>\n\t\t\t\t<div class=\"elementor-column elementor-col-25 elementor-inner-column elementor-element elementor-element-54f5caa8 animated-slow elementor-invisible\" data-id=\"54f5caa8\" data-element_type=\"column\" data-settings=\"{&quot;animation&quot;:&quot;fadeInUp&quot;,&quot;animation_delay&quot;:400}\">\n\t\t\t<div class=\"elementor-widget-wrap elementor-element-populated\">\n\t\t\t\t\t\t<div class=\"elementor-element elementor-element-2b818733 ekit-equal-height-enable elementor-widget elementor-widget-elementskit-icon-box\" data-id=\"2b818733\" data-element_type=\"widget\" data-widget_type=\"elementskit-icon-box.default\">\n\t\t\t\t<div class=\"elementor-widget-container\">\n\t\t\t\t\t<div class=\"ekit-wid-con\" >        <!-- link opening -->\n                <!-- end link opening -->\n\n        <div class=\"elementskit-infobox text-center text-center icon-top-align elementor-animation-   \">\n                    <div class=\"elementskit-box-header elementor-animation-\">\n                <div class=\"elementskit-info-box-icon  \">\n                    \n                <\/div>\n          <\/div>\n                        <div class=\"box-body\">\n                            <h3 class=\"elementskit-info-box-title\">\n                    Nos consultants                <\/h3>\n                        \t\t  \t<p>Nos consultants experts sont l\u00e0 pour accompagner nos clients vers une satisfaction optimale tout en soutenant nos collaborateurs dans leur d\u00e9veloppement et \u00e9volution professionnelle.<\/p>\n                                <\/div>\n        \n        \n                <\/div>\n        <\/div>\t\t\t\t<\/div>\n\t\t\t\t<\/div>\n\t\t\t\t\t<\/div>\n\t\t<\/div>\n\t\t\t\t<div class=\"elementor-column elementor-col-25 elementor-inner-column elementor-element elementor-element-33f346c8 animated-slow elementor-invisible\" data-id=\"33f346c8\" data-element_type=\"column\" data-settings=\"{&quot;animation&quot;:&quot;fadeInUp&quot;,&quot;animation_delay&quot;:400}\">\n\t\t\t<div class=\"elementor-widget-wrap elementor-element-populated\">\n\t\t\t\t\t\t<div class=\"elementor-element elementor-element-26f61b0f ekit-equal-height-enable elementor-widget elementor-widget-elementskit-icon-box\" data-id=\"26f61b0f\" data-element_type=\"widget\" data-widget_type=\"elementskit-icon-box.default\">\n\t\t\t\t<div class=\"elementor-widget-container\">\n\t\t\t\t\t<div class=\"ekit-wid-con\" >        <!-- link opening -->\n                <!-- end link opening -->\n\n        <div class=\"elementskit-infobox text-center text-center icon-top-align elementor-animation-   \">\n                    <div class=\"elementskit-box-header elementor-animation-\">\n                <div class=\"elementskit-info-box-icon  \">\n                    \n                <\/div>\n          <\/div>\n                        <div class=\"box-body\">\n                            <h3 class=\"elementskit-info-box-title\">\n                    Cloud                <\/h3>\n                        \t\t  \t<p><br>Nos experts certifi\u00e9s, forts de nombreuses migrations cloud r\u00e9ussies, sont l\u00e0 pour vous accompagner \u00e0 chaque \u00e9tape de votre transition vers le Cloud.<\/p>\n                                <\/div>\n        \n        \n                <\/div>\n        <\/div>\t\t\t\t<\/div>\n\t\t\t\t<\/div>\n\t\t\t\t\t<\/div>\n\t\t<\/div>\n\t\t\t\t\t<\/div>\n\t\t<\/section>\n\t\t\t\t\t<\/div>\n\t\t<\/div>\n\t\t\t\t\t<\/div>\n\t\t<\/section>\n\t\t<div class=\"elementor-element elementor-element-ad55d5e e-flex e-con-boxed e-con e-parent\" data-id=\"ad55d5e\" data-element_type=\"container\">\n\t\t\t\t\t<div class=\"e-con-inner\">\n\t\t\t\t\t<\/div>\n\t\t\t\t<\/div>\n\t\t\t\t<\/div>\n\t\t","protected":false},"excerpt":{"rendered":"<p>NOTRE EXPERTISE NOTRE EXPERTISE Leader dans la gestion des donn\u00e9es Henosis a d\u00e9velopp\u00e9 depuis de nombreuses ann\u00e9es des \u00e9quipes expertes en gestion des donn\u00e9es de l&rsquo;entreprise. Base de donn\u00e9es Business Intelligence Licensing S\u00e9curisation des transferts de donn\u00e9es Infrastructure Open Source, Microsoft, Vmware, Oracle, S\u00e9curit\u00e9 Informatique, R\u00e9seau, Stockage, Linux, ElasticSearch. Nous intervenons sur tous les \u00e9l\u00e9ments [&hellip;]<\/p>\n","protected":false},"author":1,"featured_media":0,"parent":0,"menu_order":0,"comment_status":"closed","ping_status":"closed","template":"","meta":{"footnotes":""},"class_list":["post-2791","page","type-page","status-publish","hentry"],"_links":{"self":[{"href":"https:\/\/henosis.fr\/index.php\/wp-json\/wp\/v2\/pages\/2791","targetHints":{"allow":["GET"]}}],"collection":[{"href":"https:\/\/henosis.fr\/index.php\/wp-json\/wp\/v2\/pages"}],"about":[{"href":"https:\/\/henosis.fr\/index.php\/wp-json\/wp\/v2\/types\/page"}],"author":[{"embeddable":true,"href":"https:\/\/henosis.fr\/index.php\/wp-json\/wp\/v2\/users\/1"}],"replies":[{"embeddable":true,"href":"https:\/\/henosis.fr\/index.php\/wp-json\/wp\/v2\/comments?post=2791"}],"version-history":[{"count":67,"href":"https:\/\/henosis.fr\/index.php\/wp-json\/wp\/v2\/pages\/2791\/revisions"}],"predecessor-version":[{"id":3155,"href":"https:\/\/henosis.fr\/index.php\/wp-json\/wp\/v2\/pages\/2791\/revisions\/3155"}],"wp:attachment":[{"href":"https:\/\/henosis.fr\/index.php\/wp-json\/wp\/v2\/media?parent=2791"}],"curies":[{"name":"wp","href":"https:\/\/api.w.org\/{rel}","templated":true}]}}